{"id":284,"date":"2016-03-25T04:26:36","date_gmt":"2016-03-25T04:26:36","guid":{"rendered":"http:\/\/hostalets.ch\/it\/hostalets\/"},"modified":"2017-07-22T09:14:27","modified_gmt":"2017-07-22T09:14:27","slug":"hostalets","status":"publish","type":"page","link":"https:\/\/hostalets.ch\/it\/hostalets\/","title":{"rendered":"Hostalets"},"content":{"rendered":"<p><div class=\"fusion-fullwidth fullwidth-box fusion-builder-row-1 nonhundred-percent-fullwidth non-hundred-percent-height-scrolling\" style=\"--awb-background-position:left top;--awb-border-radius-top-left:0px;--awb-border-radius-top-right:0px;--awb-border-radius-bottom-right:0px;--awb-border-radius-bottom-left:0px;--awb-padding-top:20px;--awb-padding-bottom:20px;--awb-border-sizes-top:0px;--awb-border-sizes-bottom:0px;--awb-flex-wrap:wrap;\" ><div class=\"fusion-builder-row fusion-row\"><div class=\"fusion-layout-column fusion_builder_column fusion-builder-column-0 fusion_builder_column_1_1 1_1 fusion-one-full fusion-column-first fusion-column-last\" style=\"--awb-bg-size:cover;\"><div class=\"fusion-column-wrapper fusion-flex-column-wrapper-legacy\"><script type=\"text\/javascript\">jQuery(function() { _initLayerSlider( '#layerslider_4_xkn2j8x9ajhj', {sliderVersion: '6.1.0', allowFullscreen: true, pauseOnHover: 'enabled', skin: 'v6', sliderFadeInDuration: 350, navPrevNext: false, hoverPrevNext: false, navStartStop: false, navButtons: false, showCircleTimer: false, thumbnailNavigation: 'disabled', useSrcset: true, skinsPath: 'https:\/\/hostalets.ch\/wp-content\/plugins\/LayerSlider\/assets\/static\/layerslider\/skins\/', performanceMode: true}); });<\/script><div id=\"layerslider_4_xkn2j8x9ajhj\" class=\"ls-wp-container fitvidsignore\" style=\"width:1280px;height:400px;margin:0 auto;margin-bottom: 0px;\"><div class=\"ls-slide\" ><img decoding=\"async\" width=\"5184\" height=\"1657\" src=\"https:\/\/hostalets.ch\/wp-content\/uploads\/2016\/03\/Familia.png\" class=\"ls-bg\" alt=\"\" srcset=\"https:\/\/hostalets.ch\/wp-content\/uploads\/2016\/03\/Familia-120x38.png 120w, https:\/\/hostalets.ch\/wp-content\/uploads\/2016\/03\/Familia-200x64.png 200w, https:\/\/hostalets.ch\/wp-content\/uploads\/2016\/03\/Familia-300x96.png 300w, https:\/\/hostalets.ch\/wp-content\/uploads\/2016\/03\/Familia-400x128.png 400w, https:\/\/hostalets.ch\/wp-content\/uploads\/2016\/03\/Familia-500x160.png 500w, https:\/\/hostalets.ch\/wp-content\/uploads\/2016\/03\/Familia-600x192.png 600w, https:\/\/hostalets.ch\/wp-content\/uploads\/2016\/03\/Familia-768x245.png 768w, https:\/\/hostalets.ch\/wp-content\/uploads\/2016\/03\/Familia-800x256.png 800w, https:\/\/hostalets.ch\/wp-content\/uploads\/2016\/03\/Familia-1024x327.png 1024w, https:\/\/hostalets.ch\/wp-content\/uploads\/2016\/03\/Familia-1200x384.png 1200w, https:\/\/hostalets.ch\/wp-content\/uploads\/2016\/03\/Familia.png 5184w\" sizes=\"(max-width: 5184px) 100vw, 5184px\" \/><\/div><\/div><div class=\"fusion-clearfix\"><\/div><\/div><\/div><\/div><\/div><div class=\"fusion-fullwidth fullwidth-box fusion-builder-row-2 nonhundred-percent-fullwidth non-hundred-percent-height-scrolling\" style=\"--awb-background-position:left top;--awb-border-radius-top-left:0px;--awb-border-radius-top-right:0px;--awb-border-radius-bottom-right:0px;--awb-border-radius-bottom-left:0px;--awb-padding-top:20px;--awb-padding-bottom:20px;--awb-border-sizes-top:0px;--awb-border-sizes-bottom:0px;--awb-flex-wrap:wrap;\" ><div class=\"fusion-builder-row fusion-row\"><div class=\"fusion-layout-column fusion_builder_column fusion-builder-column-1 fusion_builder_column_1_1 1_1 fusion-one-full fusion-column-first fusion-column-last\" style=\"--awb-bg-size:cover;\"><div class=\"fusion-column-wrapper fusion-flex-column-wrapper-legacy\"><div class=\"fusion-title title fusion-title-1 fusion-title-text fusion-title-size-one\"><h1 class=\"fusion-title-heading title-heading-left\" style=\"margin:0;\"><strong>FINCA HOSTALETS<\/strong><\/h1><span class=\"awb-title-spacer\"><\/span><div class=\"title-sep-container\"><div class=\"title-sep sep-double sep-solid\" style=\"border-color:#e0dede;\"><\/div><\/div><\/div><div class=\"fusion-clearfix\"><\/div><\/div><\/div><div class=\"fusion-layout-column fusion_builder_column fusion-builder-column-2 fusion_builder_column_1_1 1_1 fusion-one-full fusion-column-first fusion-column-last\" style=\"--awb-bg-size:cover;\"><div class=\"fusion-column-wrapper fusion-flex-column-wrapper-legacy\"><div class=\"fusion-text fusion-text-1\"><p style=\"text-align: justify;\">La propriet\u00e1 hostalets \u00e9 composta attualmente da tre generazioni Jos\u00e9 Seuma Ibarz, (al centro) fu colui che recuper\u00f3 l\u2019oliveto della propriet\u00e1, seguito da Jos\u00e9 Seuma Ter\u00e9s, (alla sinistra) il quale sta con il suo giovane figlio Arturo Seuma Ruiz (a destra), in un gran progetto. Insieme vogliono compartire la loro passione per la coltivazione e produzione ecol\u00f3gica dell\u2019olio d\u2019oliva.<\/p>\n<p style=\"text-align: justify;\">Le nostre origini risalgono al 1898, quando Joaqu\u00edn Ibarz, bisnonno del responsabile attuale, coltivava il suo oliveto e elaborava l\u2019olio d\u2019oliva nel mulino di pietra situato nella cantina della casa familiare.<\/p>\n<p style=\"text-align: justify;\">Nel decennio degli anni ottanta, Jos\u00e9 Seuma Ibarz, inizi\u00f3 la recuperazione dell\u2019oliveto in tutta la propriet\u00e1, dopo un lungo periodo che transcorse dopo le devastatrici gelate invernali del 1956, piant\u00f3 l\u2019olivo arberquino autoctono nel marco tradizionale 7&#215;7.<\/p>\n<p style=\"text-align: justify;\">Dall\u2019anno2004, Jos\u00e9 Seuma Ter\u00e9s, quarta generazione, si incarica dell\u2019azienda agr\u00edcola. Nell\u2019anno 2010, si inizia la riconversione della propriet\u00e1 in coltivazione ecol\u00f3gica sotto la supervisione e controllo del CCPAE (Consiglio Catalano della Produzione Agricola Ecologica).<\/p>\n<p style=\"text-align: justify;\">Alla fine dello stesso anno, si inizia la commecializzazione dei nostri AOVES (Oli Vergini d\u2019Oliva Ecologici) sotto la marca registrata \u201cFinca Els Hostalets\u201d. Con la sua determinazione di ottenere la migliore oliva arberquina del mondo, Jos\u00e9 Seuma si \u00e9 circondato di buoni professionisti che lo aiutano giorno dopo giorno nella ottimizzazione dei processi produttivi la coltura, il raccolto, la elaborazione, il confezionamento e la conservazione. L\u2019elaborazione del nostro esclusivo AOVE segue un processo rigoroso, basato sulla conoscenza, il rispetto, la esperienza e la passione di quattro generazioni di olivicoltori e pi\u00fa di un secolo di duro lavoro, in una propriet\u00e1 storica.<\/p>\n<\/div><div class=\"fusion-clearfix\"><\/div><\/div><\/div><\/div><\/div><div class=\"fusion-fullwidth fullwidth-box fusion-builder-row-3 nonhundred-percent-fullwidth non-hundred-percent-height-scrolling\" style=\"--awb-border-radius-top-left:0px;--awb-border-radius-top-right:0px;--awb-border-radius-bottom-right:0px;--awb-border-radius-bottom-left:0px;--awb-padding-top:20px;--awb-padding-bottom:20px;--awb-flex-wrap:wrap;\" ><div class=\"fusion-builder-row fusion-row\"><div class=\"fusion-layout-column fusion_builder_column fusion-builder-column-3 fusion_builder_column_1_5 1_5 fusion-one-fifth fusion-column-first\" style=\"--awb-bg-size:cover;width:20%;width:calc(20% - ( ( 4% + 4% ) * 0.2 ) );margin-right: 4%;\"><div class=\"fusion-column-wrapper fusion-flex-column-wrapper-legacy\"><div class=\"fusion-clearfix\"><\/div><\/div><\/div><div class=\"fusion-layout-column fusion_builder_column fusion-builder-column-4 fusion_builder_column_3_5 3_5 fusion-three-fifth\" style=\"--awb-bg-size:cover;width:60%;width:calc(60% - ( ( 4% + 4% ) * 0.6 ) );margin-right: 4%;\"><div class=\"fusion-column-wrapper fusion-flex-column-wrapper-legacy\"><script type=\"text\/javascript\">jQuery(function() { _initLayerSlider( '#layerslider_5_1xaz77bdj9ach', {sliderVersion: '6.1.0', pauseOnHover: 'enabled', skin: 'v6', sliderFadeInDuration: 350, useSrcset: true, skinsPath: 'https:\/\/hostalets.ch\/wp-content\/plugins\/LayerSlider\/assets\/static\/layerslider\/skins\/', performanceMode: true}); });<\/script><div id=\"layerslider_5_1xaz77bdj9ach\" class=\"ls-wp-container fitvidsignore\" style=\"width:751px;height:304px;margin:0 auto;margin-bottom: 0px;\"><div class=\"ls-slide\" ><img decoding=\"async\" width=\"751\" height=\"304\" src=\"https:\/\/hostalets.ch\/wp-content\/uploads\/2016\/03\/Map_Olive_oil_Spain_DOs_SIURANA.png\" class=\"ls-bg\" alt=\"\" srcset=\"https:\/\/hostalets.ch\/wp-content\/uploads\/2016\/03\/Map_Olive_oil_Spain_DOs_SIURANA-120x49.png 120w, https:\/\/hostalets.ch\/wp-content\/uploads\/2016\/03\/Map_Olive_oil_Spain_DOs_SIURANA-200x81.png 200w, https:\/\/hostalets.ch\/wp-content\/uploads\/2016\/03\/Map_Olive_oil_Spain_DOs_SIURANA-300x121.png 300w, https:\/\/hostalets.ch\/wp-content\/uploads\/2016\/03\/Map_Olive_oil_Spain_DOs_SIURANA-400x162.png 400w, https:\/\/hostalets.ch\/wp-content\/uploads\/2016\/03\/Map_Olive_oil_Spain_DOs_SIURANA-500x202.png 500w, https:\/\/hostalets.ch\/wp-content\/uploads\/2016\/03\/Map_Olive_oil_Spain_DOs_SIURANA-600x243.png 600w, https:\/\/hostalets.ch\/wp-content\/uploads\/2016\/03\/Map_Olive_oil_Spain_DOs_SIURANA-669x272.png 669w, https:\/\/hostalets.ch\/wp-content\/uploads\/2016\/03\/Map_Olive_oil_Spain_DOs_SIURANA.png 751w\" sizes=\"(max-width: 751px) 100vw, 751px\" \/><\/div><\/div><div class=\"fusion-clearfix\"><\/div><\/div><\/div><div class=\"fusion-layout-column fusion_builder_column fusion-builder-column-5 fusion_builder_column_1_5 1_5 fusion-one-fifth fusion-column-last\" style=\"--awb-bg-size:cover;width:20%;width:calc(20% - ( ( 4% + 4% ) * 0.2 ) );\"><div class=\"fusion-column-wrapper fusion-flex-column-wrapper-legacy\"><div class=\"fusion-clearfix\"><\/div><\/div><\/div><\/div><\/div><div class=\"fusion-fullwidth fullwidth-box fusion-builder-row-4 nonhundred-percent-fullwidth non-hundred-percent-height-scrolling\" style=\"--awb-background-position:left top;--awb-border-radius-top-left:0px;--awb-border-radius-top-right:0px;--awb-border-radius-bottom-right:0px;--awb-border-radius-bottom-left:0px;--awb-padding-top:20px;--awb-padding-bottom:20px;--awb-border-sizes-top:0px;--awb-border-sizes-bottom:0px;--awb-flex-wrap:wrap;\" ><div class=\"fusion-builder-row fusion-row\"><div class=\"fusion-layout-column fusion_builder_column fusion-builder-column-6 fusion_builder_column_1_1 1_1 fusion-one-full fusion-column-first fusion-column-last fusion-column-no-min-height\" style=\"--awb-bg-size:cover;--awb-margin-bottom:0px;\"><div class=\"fusion-column-wrapper fusion-flex-column-wrapper-legacy\"><div class=\"fusion-image-element fusion-image-align-center in-legacy-container\" style=\"text-align:center;--awb-caption-title-font-family:var(--h2_typography-font-family);--awb-caption-title-font-weight:var(--h2_typography-font-weight);--awb-caption-title-font-style:var(--h2_typography-font-style);--awb-caption-title-size:var(--h2_typography-font-size);--awb-caption-title-transform:var(--h2_typography-text-transform);--awb-caption-title-line-height:var(--h2_typography-line-height);--awb-caption-title-letter-spacing:var(--h2_typography-letter-spacing);\"><div class=\"imageframe-align-center\"><span class=\" fusion-imageframe imageframe-none imageframe-1 hover-type-none\"><img decoding=\"async\" src=\"http:\/\/hostalets.ch\/wp-content\/uploads\/2016\/03\/ejemplonosotros.jpg\" alt class=\"img-responsive\"\/><\/span><\/div><\/div><div class=\"fusion-clearfix\"><\/div><\/div><\/div><div class=\"fusion-layout-column fusion_builder_column fusion-builder-column-7 fusion_builder_column_1_1 1_1 fusion-one-full fusion-column-first fusion-column-last\" style=\"--awb-bg-size:cover;\"><div class=\"fusion-column-wrapper fusion-flex-column-wrapper-legacy\"><div class=\"fusion-title title fusion-title-2 fusion-title-text fusion-title-size-one\"><h1 class=\"fusion-title-heading title-heading-left\" style=\"margin:0;\">STORIA DELLA HACIENDA<\/h1><span class=\"awb-title-spacer\"><\/span><div class=\"title-sep-container\"><div class=\"title-sep sep-double sep-solid\" style=\"border-color:#e0dede;\"><\/div><\/div><\/div><div class=\"fusion-clearfix\"><\/div><\/div><\/div><div class=\"fusion-layout-column fusion_builder_column fusion-builder-column-8 fusion_builder_column_1_1 1_1 fusion-one-full fusion-column-first fusion-column-last\" style=\"--awb-bg-size:cover;\"><div class=\"fusion-column-wrapper fusion-flex-column-wrapper-legacy\"><div class=\"fusion-text fusion-text-2\"><p style=\"text-align: justify;\">La storia conosciuta della propriet\u00e1 Els Hostalets risale al secolo XIV, in cui fu decisiva la sua ubicazione, proprio nella via da Gandesa a Lleida. Si racconta che il re Pere il Cerimoni\u00f3s a ottobre del 1319, il re Jaime II di Aragona, nipote di Jaime I il Conquistatore, celebr\u00f3 proprio in questo posto delle corti molto speciali che risultarono determinanti per la successione del Trono. I successi si produssero con il fidanzamento del figlio del re erede al Trono, Jaime di Aragona e Anjou, con la infanta Leonor di Castiglia e Portoggallo, un matrimonio strategico per gli interessi del Trono di Aragona, e che era stato concordato 8 anni prima, quando l\u2019infanta aveva solo 4 anni. Ribellandosi agli accordi di suo padre, il pr\u00edncipe si rifiut\u00f3 ad accettare il matrimonio perch\u00e9 desiderava unirsi alla\u00a0 religione. Il re tuttavia non rinunci\u00f3 al fidanzamento che si concluse a Gandesa.<\/p>\n<p style=\"text-align: justify;\">Ciononostante, dopo la cerimonia, l\u2019erede si rifiut\u00f3 di conoscere alla sua sposa. Nel cammino di ritorno a Barcellona, il re decise convocare alle corti al primo paese a cui arrivassero e esortare al figlio a consumare il matrimonio. I cammini scoscesi dei monti della Argentera rimasero indietro quando, prima di arrivare a Riudoms, gli inviati reali decisero fermarsi negli alloggi situati vicino al cammino, nella parcella che attualmente si chiama Els Hostalets. L\u00ed il re celebr\u00f3 le corti per appellare ai nobili e la elite affinch\u00e9 suo figlio compiesse i suoi doveri coniugali. Tuttavia , l\u2019infante Jaime si rifiut\u00f3 ancora una volta, e in quel posto rinunci\u00f3 al Trono, che pass\u00f3 a suo fratello Alfonso. Nel presbiterio della cattedrale di Santa Maria di Tarragona si trova una splendida tomba, opera maestra della scultura catalana del secolo XIV, la quale contiene le ceneri di questo pr\u00edncipe che nella propriet\u00e1 Els Hostalets rinunci\u00f3 sei secoli fa al matrimonio e al Trono.<\/p>\n<p style=\"text-align: justify;\">La propriet\u00e1 Els Hostalets \u00e9 una propriet\u00e1 familiare situata nella provincia di Riudoms (Tarragona) a quasi un\u2019ora dalla citt\u00e1 di Barcellona e a 6km dalle spiagge di Cambrils, all\u2019incrocio tra l\u2019asse del Mediterraneo e la valle dell\u2019 Ebro.<\/p>\n<\/div><div class=\"fusion-clearfix\"><\/div><\/div><\/div><\/div><\/div><\/p>\n","protected":false},"excerpt":{"rendered":"","protected":false},"author":1,"featured_media":0,"parent":0,"menu_order":0,"comment_status":"closed","ping_status":"closed","template":"","meta":{"_exactmetrics_skip_tracking":false,"_exactmetrics_sitenote_active":false,"_exactmetrics_sitenote_note":"","_exactmetrics_sitenote_category":0,"footnotes":""},"_links":{"self":[{"href":"https:\/\/hostalets.ch\/it\/wp-json\/wp\/v2\/pages\/284"}],"collection":[{"href":"https:\/\/hostalets.ch\/it\/wp-json\/wp\/v2\/pages"}],"about":[{"href":"https:\/\/hostalets.ch\/it\/wp-json\/wp\/v2\/types\/page"}],"author":[{"embeddable":true,"href":"https:\/\/hostalets.ch\/it\/wp-json\/wp\/v2\/users\/1"}],"replies":[{"embeddable":true,"href":"https:\/\/hostalets.ch\/it\/wp-json\/wp\/v2\/comments?post=284"}],"version-history":[{"count":11,"href":"https:\/\/hostalets.ch\/it\/wp-json\/wp\/v2\/pages\/284\/revisions"}],"predecessor-version":[{"id":2691,"href":"https:\/\/hostalets.ch\/it\/wp-json\/wp\/v2\/pages\/284\/revisions\/2691"}],"wp:attachment":[{"href":"https:\/\/hostalets.ch\/it\/wp-json\/wp\/v2\/media?parent=284"}],"curies":[{"name":"wp","href":"https:\/\/api.w.org\/{rel}","templated":true}]}}