{"id":346,"date":"2016-02-29T14:58:32","date_gmt":"2016-02-29T14:58:32","guid":{"rendered":"http:\/\/hostalets.ch\/fr\/producto\/aove-trufa-blanca-100-ml\/"},"modified":"2017-02-12T16:01:47","modified_gmt":"2017-02-12T16:01:47","slug":"aove-trufa-blanca-100-ml","status":"publish","type":"product","link":"https:\/\/hostalets.ch\/fr\/tienda\/huile-olive-vierge-extra-truffe\/aove-trufa-blanca-100-ml\/","title":{"rendered":"HOVE-Truffe Blanche 100 ml"},"content":{"rendered":"<p>Huile d\u00b4olive vierge extra, truffe blanche<\/p>\n","protected":false},"excerpt":{"rendered":"<div class=\"rte\">\u00a0<\/div>\n<p>\u00c0 Cadaques, sur la Costa Brava de la main du grand ma\u00eetre de la cuisine italienne, le chef Gianni, nous avons d\u00e9couvert la truffe blanche, Tuber Magnatum Pico.<\/p>\n<p>En Italie, elle est connue sous le nom de Tartufo Bianco du Pi\u00e9mont.<\/p>\n<p>Son \u00e9cosyst\u00e8me unique se trouve en Italie et dans la P\u00e9ninsule d&rsquo;Istrie. C&rsquo;est un produit rare et comme tel, il apporte en cuisine une touche d&rsquo;exception.<\/p>\n<p>Son ar\u00f4me caract\u00e9ristique intense et tr\u00e8s prononc\u00e9, accompagne id\u00e9alement les plats de p\u00e2tes, risotto et l\u00e9gumes.<\/p>\n[wpdm_package id='427']\n<p>\u00a0<\/p>\n<p>\u00a0<\/p>\n","protected":false},"featured_media":3456,"template":"","meta":{"_exactmetrics_skip_tracking":false,"_exactmetrics_sitenote_active":false,"_exactmetrics_sitenote_note":"","_exactmetrics_sitenote_category":0},"product_cat":[32],"product_tag":[],"_links":{"self":[{"href":"https:\/\/hostalets.ch\/fr\/wp-json\/wp\/v2\/product\/346"}],"collection":[{"href":"https:\/\/hostalets.ch\/fr\/wp-json\/wp\/v2\/product"}],"about":[{"href":"https:\/\/hostalets.ch\/fr\/wp-json\/wp\/v2\/types\/product"}],"wp:featuredmedia":[{"embeddable":true,"href":"https:\/\/hostalets.ch\/fr\/wp-json\/wp\/v2\/media\/3456"}],"wp:attachment":[{"href":"https:\/\/hostalets.ch\/fr\/wp-json\/wp\/v2\/media?parent=346"}],"wp:term":[{"taxonomy":"product_cat","embeddable":true,"href":"https:\/\/hostalets.ch\/fr\/wp-json\/wp\/v2\/product_cat?post=346"},{"taxonomy":"product_tag","embeddable":true,"href":"https:\/\/hostalets.ch\/fr\/wp-json\/wp\/v2\/product_tag?post=346"}],"curies":[{"name":"wp","href":"https:\/\/api.w.org\/{rel}","templated":true}]}}