{"id":325,"date":"2016-02-29T14:55:14","date_gmt":"2016-02-29T14:55:14","guid":{"rendered":"http:\/\/hostalets.ch\/fr\/producto\/aove-ecologico-1500-ml\/"},"modified":"2017-11-30T09:33:25","modified_gmt":"2017-11-30T09:33:25","slug":"aove-ecologico-1500-ml","status":"publish","type":"product","link":"https:\/\/hostalets.ch\/fr\/tienda\/huile-olive-vierge-extra\/aove-ecologico-1500-ml\/","title":{"rendered":"Huile d\u2019Olive Vierge Extra Arbequina Biologique \u00c9dition Limit\u00e9e  1500ml"},"content":{"rendered":"<p>Huile d\u2019Olive Vierge Extra Arbequina Biologique \u00c9dition Limit\u00e9e<\/p>\n<div class=\"fusion-fullwidth fullwidth-box fusion-builder-row-1 hundred-percent-fullwidth non-hundred-percent-height-scrolling\" style=\"--awb-border-radius-top-left:0px;--awb-border-radius-top-right:0px;--awb-border-radius-bottom-right:0px;--awb-border-radius-bottom-left:0px;--awb-overflow:visible;--awb-flex-wrap:wrap;\" ><div class=\"fusion-builder-row fusion-row\"><div class=\"fusion-layout-column fusion_builder_column fusion-builder-column-0 fusion_builder_column_1_1 1_1 fusion-one-full fusion-column-first fusion-column-last fusion-column-no-min-height\" style=\"--awb-bg-size:cover;--awb-margin-bottom:0px;\"><div class=\"fusion-column-wrapper fusion-flex-column-wrapper-legacy\"><div class=\"fusion-video fusion-youtube\" style=\"--awb-max-width:600px;--awb-max-height:350px;\"><div class=\"video-shortcode\"><div class=\"fluid-width-video-wrapper\" style=\"padding-top:58.33%;\" ><iframe title=\"YouTube video player 1\" src=\"https:\/\/www.youtube.com\/embed\/cfywaIPO840?wmode=transparent&autoplay=0&amp;rel=0\" width=\"600\" height=\"350\" allowfullscreen allow=\"autoplay; fullscreen\"><\/iframe><\/div><\/div><\/div><div class=\"fusion-clearfix\"><\/div><\/div><\/div><\/div><\/div>\n","protected":false},"excerpt":{"rendered":"<p>Huile fruit\u00e9e vert aux ar\u00f4mes de tomate et de pomme verte, elle se complexifie en bouche et pr\u00e9sente un go\u00fbt d&rsquo;amandes fra\u00eechement r\u00e9colt\u00e9es.<\/p>\n<p>Un go\u00fbt frais sans ardence ni sensation d&rsquo;amertume.<\/p>\n<p>Ses ar\u00f4mes fins et \u00e9l\u00e9gants et son onctuosit\u00e9 en bouche lui conf\u00e8re une personnalit\u00e9 unique.<\/p>\n[wpdm_package id='423']\n","protected":false},"featured_media":3480,"template":"","meta":{"_exactmetrics_skip_tracking":false,"_exactmetrics_sitenote_active":false,"_exactmetrics_sitenote_note":"","_exactmetrics_sitenote_category":0},"product_cat":[26],"product_tag":[],"_links":{"self":[{"href":"https:\/\/hostalets.ch\/fr\/wp-json\/wp\/v2\/product\/325"}],"collection":[{"href":"https:\/\/hostalets.ch\/fr\/wp-json\/wp\/v2\/product"}],"about":[{"href":"https:\/\/hostalets.ch\/fr\/wp-json\/wp\/v2\/types\/product"}],"wp:featuredmedia":[{"embeddable":true,"href":"https:\/\/hostalets.ch\/fr\/wp-json\/wp\/v2\/media\/3480"}],"wp:attachment":[{"href":"https:\/\/hostalets.ch\/fr\/wp-json\/wp\/v2\/media?parent=325"}],"wp:term":[{"taxonomy":"product_cat","embeddable":true,"href":"https:\/\/hostalets.ch\/fr\/wp-json\/wp\/v2\/product_cat?post=325"},{"taxonomy":"product_tag","embeddable":true,"href":"https:\/\/hostalets.ch\/fr\/wp-json\/wp\/v2\/product_tag?post=325"}],"curies":[{"name":"wp","href":"https:\/\/api.w.org\/{rel}","templated":true}]}}