{"id":318,"date":"2016-02-29T12:06:14","date_gmt":"2016-02-29T12:06:14","guid":{"rendered":"http:\/\/hostalets.ch\/fr\/producto\/aove-ecologico-100-ml\/"},"modified":"2017-11-30T09:32:49","modified_gmt":"2017-11-30T09:32:49","slug":"aove-ecologico-100-ml","status":"publish","type":"product","link":"https:\/\/hostalets.ch\/fr\/tienda\/huile-olive-vierge-extra\/aove-ecologico-100-ml\/","title":{"rendered":"Huile d\u2019Olive Vierge Extra Arbequina Biologique Reserva Familiar 100ml"},"content":{"rendered":"<p>Huile d\u2019Olive Vierge Extra Arbequina Biologique Reserva Familiar<\/p>\n","protected":false},"excerpt":{"rendered":"<p>Huile fruit\u00e9e vert aux ar\u00f4mes de tomate et de pomme verte, elle se complexifie en bouche et pr\u00e9sente un go\u00fbt d&rsquo;amandes fra\u00eechement r\u00e9colt\u00e9es.<\/p>\n<p>Un go\u00fbt frais sans ardence ni sensation d&rsquo;amertume.<\/p>\n<p>Ses ar\u00f4mes fins et \u00e9l\u00e9gants et son onctuosit\u00e9 en bouche lui conf\u00e8re une personnalit\u00e9 unique.<\/p>\n[wpdm_package id='416']\n<p>&nbsp;<\/p>\n","protected":false},"featured_media":3484,"template":"","meta":{"_exactmetrics_skip_tracking":false,"_exactmetrics_sitenote_active":false,"_exactmetrics_sitenote_note":"","_exactmetrics_sitenote_category":0},"product_cat":[26],"product_tag":[129],"_links":{"self":[{"href":"https:\/\/hostalets.ch\/fr\/wp-json\/wp\/v2\/product\/318"}],"collection":[{"href":"https:\/\/hostalets.ch\/fr\/wp-json\/wp\/v2\/product"}],"about":[{"href":"https:\/\/hostalets.ch\/fr\/wp-json\/wp\/v2\/types\/product"}],"wp:featuredmedia":[{"embeddable":true,"href":"https:\/\/hostalets.ch\/fr\/wp-json\/wp\/v2\/media\/3484"}],"wp:attachment":[{"href":"https:\/\/hostalets.ch\/fr\/wp-json\/wp\/v2\/media?parent=318"}],"wp:term":[{"taxonomy":"product_cat","embeddable":true,"href":"https:\/\/hostalets.ch\/fr\/wp-json\/wp\/v2\/product_cat?post=318"},{"taxonomy":"product_tag","embeddable":true,"href":"https:\/\/hostalets.ch\/fr\/wp-json\/wp\/v2\/product_tag?post=318"}],"curies":[{"name":"wp","href":"https:\/\/api.w.org\/{rel}","templated":true}]}}