{"id":291,"date":"2016-04-10T23:50:36","date_gmt":"2016-04-10T23:50:36","guid":{"rendered":"http:\/\/hostalets.ch\/fr\/nuestra-empresa\/"},"modified":"2018-11-27T22:13:13","modified_gmt":"2018-11-27T22:13:13","slug":"notre-entreprise","status":"publish","type":"page","link":"https:\/\/hostalets.ch\/fr\/notre-entreprise\/","title":{"rendered":"Notre entreprise"},"content":{"rendered":"<div class=\"fusion-fullwidth fullwidth-box fusion-builder-row-1 nonhundred-percent-fullwidth non-hundred-percent-height-scrolling\" style=\"--awb-background-position:left top;--awb-border-radius-top-left:0px;--awb-border-radius-top-right:0px;--awb-border-radius-bottom-right:0px;--awb-border-radius-bottom-left:0px;--awb-padding-top:20px;--awb-padding-bottom:20px;--awb-border-sizes-top:0px;--awb-border-sizes-bottom:0px;--awb-flex-wrap:wrap;\" ><div class=\"fusion-builder-row fusion-row\"><div class=\"fusion-layout-column fusion_builder_column fusion-builder-column-0 fusion_builder_column_1_1 1_1 fusion-one-full fusion-column-first fusion-column-last\" style=\"--awb-bg-size:cover;\"><div class=\"fusion-column-wrapper fusion-flex-column-wrapper-legacy\"><div class=\"fusion-clearfix\"><\/div><\/div><\/div><div class=\"fusion-layout-column fusion_builder_column fusion-builder-column-1 fusion_builder_column_3_4 3_4 fusion-three-fourth fusion-column-first\" style=\"--awb-bg-size:cover;width:74%; margin-right: 4%;\"><div class=\"fusion-column-wrapper fusion-flex-column-wrapper-legacy\"><div class=\"fusion-text fusion-text-1\"><p>Ch\u00e8re Cliente, Cher Client<\/p>\n<p>Mon origine m\u00e9diterran\u00e9enne forge ma passion pour les d\u00e9licatesses. Pour cela j\u2019ai le plaisir de vous offrir une s\u00e9lection d\u2019huiles d\u00b4olives et vinaigres, confectionn\u00e9e selon les principes suivants:<\/p>\n<p>&nbsp;<\/p>\n<table style=\"undefined;table-layout: fixed; width: 100%;\">\n<colgroup>\n<col style=\"width: 20%;\" \/>\n<col style=\"width: 80%;\" \/> <\/colgroup>\n<tbody>\n<tr>\n<td><strong><span style=\"color: #000000;  line-height: 40px;\">\u00c9couter\u00a0\u00a0\u00a0\u00a0<\/span><span style=\"color: #3366ff; line-height: 20px;\">\u00a0\u00a0\u00a0\u00a0\u00a0<\/span><\/strong><strong><span style=\"color: #3366ff; line-height: 20px;\">\u00a0\u00a0<\/span><\/strong><strong><span style=\"color: #3366ff; line-height: 20px;\">\u00a0\u00a0\u00a0\u00a0\u00a0\u00a0\u00a0\u00a0\u00a0 <\/span><\/strong><\/td>\n<td>Les attentes du client inspirent notre catalogue.<\/td>\n<\/tr>\n<tr>\n<td><strong><span style=\"color: #3366ff;\"><span style=\"color: #000000;  line-height: 40px;\">Connaissances\u00a0\u00a0\u00a0<\/span><\/span><\/strong><strong><span style=\"color: #3366ff;\"><span style=\"color: #000000;\">\u00a0<\/span><\/span><\/strong><strong><span style=\"color: #3366ff;\"><span style=\"color: #000000;\">\u00a0<\/span>\u00a0\u00a0 <\/span><\/strong><\/td>\n<td>Nous identifions les \u00e9l\u00e9ments exclusifs qui d\u00e9finissent la qualit\u00e9 maximale.<\/td>\n<\/tr>\n<tr>\n<td><strong><span style=\"color: #3366ff;\"><span style=\"color: #000000; line-height: 40px;\">S\u00e9lection\u00a0<\/span>\u00a0 \u00a0 \u00a0 \u00a0 <\/span><\/strong><strong><span style=\"color: #3366ff;\">\u00a0 \u00a0<\/span><\/strong><strong><span style=\"color: #3366ff;\">\u00a0\u00a0\u00a0\u00a0 <\/span><\/strong><\/td>\n<td>Nous recherchons d\u2019authentiques Tr\u00e9sors Gastronomiques.<\/td>\n<\/tr>\n<tr>\n<td><strong><span style=\"color: #3366ff;\"><span style=\"color: #000000; line-height: 60px;\">Compromis\u00a0\u00a0<\/span>\u00a0\u00a0\u00a0\u00a0<\/span><\/strong><\/td>\n<td>Nous respectons le d\u00e9veloppement durable des ressources naturelles dans un catalogue qui respecte honn\u00eatement les certifications en vigueur.<\/td>\n<\/tr>\n<tr>\n<td><span style=\"color: #3366ff;\"><strong><span style=\"color: #000000; line-height: 20px;\">Service<\/span>\u00a0\u00a0\u00a0\u00a0\u00a0\u00a0\u00a0\u00a0<\/strong><\/span><span style=\"color: #3366ff;\"><strong>\u00a0\u00a0\u00a0\u00a0\u00a0\u00a0\u00a0<\/strong><\/span><span style=\"color: #3366ff;\"><strong>\u00a0\u00a0\u00a0 <\/strong><\/span><\/td>\n<td>Avant tout une entreprise de services qui comprend des solutions aussi compl\u00e8tes que sp\u00e9cifiques.<\/td>\n<\/tr>\n<\/tbody>\n<\/table>\n<p>&nbsp;<\/p>\n<p>Nous vous garantissons l\u2019efficacit\u00e9 aux fourneaux et la pleine satisfaction de vos h\u00f4tes ind\u00e9pendamment de la saison.<\/p>\n<p>&nbsp;<\/p>\n<p>Meilleures salutations<\/p>\n<p><a href=\"http:\/\/hostalets.ch\/wp-content\/uploads\/2016\/04\/firma.png\"><img decoding=\"async\" class=\"alignnone size-full wp-image-1209\" src=\"http:\/\/hostalets.ch\/wp-content\/uploads\/2016\/04\/firma.png\" alt=\"firma\" width=\"88\" height=\"65\" \/><\/a><\/p>\n<p>Sebasti\u00e1n Luis Gonz\u00e1lez S\u00e1nchez.<\/p>\n<p><a href=\"http:\/\/www.grupogourmet.ch\/\"><strong>\u00a0<\/strong><\/a><\/p>\n<\/div><div class=\"fusion-clearfix\"><\/div><\/div><\/div><div class=\"fusion-layout-column fusion_builder_column fusion-builder-column-2 fusion_builder_column_1_4 1_4 fusion-one-fourth fusion-column-last\" style=\"--awb-bg-size:cover;width:22%;\"><div class=\"fusion-column-wrapper fusion-flex-column-wrapper-legacy\"><div class=\"fusion-text fusion-text-2\"><div class=\"fusion-image-element in-legacy-container\" style=\"--awb-caption-title-font-family:var(--h2_typography-font-family);--awb-caption-title-font-weight:var(--h2_typography-font-weight);--awb-caption-title-font-style:var(--h2_typography-font-style);--awb-caption-title-size:var(--h2_typography-font-size);--awb-caption-title-transform:var(--h2_typography-text-transform);--awb-caption-title-line-height:var(--h2_typography-line-height);--awb-caption-title-letter-spacing:var(--h2_typography-letter-spacing);\"><span class=\" fusion-imageframe imageframe-none imageframe-1 hover-type-none\"><img decoding=\"async\" src=\"http:\/\/hostalets.ch\/wp-content\/uploads\/2016\/04\/FOTO_SEBASTIAN-1-238x300.jpg\" alt class=\"img-responsive\"\/><\/span><\/div>\n<p>Je suis heureux de vous conseiller<\/p>\n<p><span style=\"color: #000000;\"><strong>Sebasti\u00e1n Lu\u00eds Gonz\u00e1lez S\u00e1nchez<\/strong><\/span><\/p>\n<p><span style=\"color: #000000;\"><strong>Tel. +41 41 440 03 61 <\/strong><\/span><\/p>\n<p><span style=\"color: #000000;\"><a style=\"color: #000000;\" href=\"mailto:sebastian.gonzalez@hostalets.ch\"><strong>sebastian.gonzalez@hostalets.ch<\/strong><\/a> <\/span><\/p>\n<p><span style=\"color: #000000;\"><strong>www.hostalets.ch<\/strong><\/span><\/p>\n<\/div><div class=\"fusion-clearfix\"><\/div><\/div><\/div><\/div><\/div>\n","protected":false},"excerpt":{"rendered":"","protected":false},"author":1,"featured_media":0,"parent":0,"menu_order":0,"comment_status":"closed","ping_status":"closed","template":"100-width.php","meta":{"_exactmetrics_skip_tracking":false,"_exactmetrics_sitenote_active":false,"_exactmetrics_sitenote_note":"","_exactmetrics_sitenote_category":0,"footnotes":""},"_links":{"self":[{"href":"https:\/\/hostalets.ch\/fr\/wp-json\/wp\/v2\/pages\/291"}],"collection":[{"href":"https:\/\/hostalets.ch\/fr\/wp-json\/wp\/v2\/pages"}],"about":[{"href":"https:\/\/hostalets.ch\/fr\/wp-json\/wp\/v2\/types\/page"}],"author":[{"embeddable":true,"href":"https:\/\/hostalets.ch\/fr\/wp-json\/wp\/v2\/users\/1"}],"replies":[{"embeddable":true,"href":"https:\/\/hostalets.ch\/fr\/wp-json\/wp\/v2\/comments?post=291"}],"version-history":[{"count":23,"href":"https:\/\/hostalets.ch\/fr\/wp-json\/wp\/v2\/pages\/291\/revisions"}],"predecessor-version":[{"id":3355,"href":"https:\/\/hostalets.ch\/fr\/wp-json\/wp\/v2\/pages\/291\/revisions\/3355"}],"wp:attachment":[{"href":"https:\/\/hostalets.ch\/fr\/wp-json\/wp\/v2\/media?parent=291"}],"curies":[{"name":"wp","href":"https:\/\/api.w.org\/{rel}","templated":true}]}}