{"id":2899,"date":"2016-07-31T00:25:43","date_gmt":"2016-07-31T00:25:43","guid":{"rendered":"https:\/\/hostalets.ch\/recettes\/aves\/"},"modified":"2017-08-05T12:25:08","modified_gmt":"2017-08-05T12:25:08","slug":"volailles","status":"publish","type":"page","link":"https:\/\/hostalets.ch\/fr\/recettes\/volailles\/","title":{"rendered":"Volailles"},"content":{"rendered":"<div class=\"fusion-fullwidth fullwidth-box fusion-builder-row-1 hundred-percent-fullwidth non-hundred-percent-height-scrolling\" style=\"--awb-border-radius-top-left:0px;--awb-border-radius-top-right:0px;--awb-border-radius-bottom-right:0px;--awb-border-radius-bottom-left:0px;--awb-overflow:visible;--awb-flex-wrap:wrap;\" ><div class=\"fusion-builder-row fusion-row\"><div class=\"fusion-layout-column fusion_builder_column fusion-builder-column-0 fusion_builder_column_1_1 1_1 fusion-one-full fusion-column-first fusion-column-last fusion-column-no-min-height\" style=\"--awb-bg-size:cover;--awb-margin-bottom:0px;\"><div class=\"fusion-column-wrapper fusion-flex-column-wrapper-legacy\"><div class=\"fusion-blog-shortcode fusion-blog-shortcode-1 fusion-blog-archive fusion-blog-layout-grid-wrapper fusion-blog-no\"><style type=\"text\/css\">.fusion-blog-shortcode-1 .fusion-blog-layout-grid .fusion-post-grid{padding:20px;}.fusion-blog-shortcode-1 .fusion-posts-container{margin-left: -20px !important; margin-right:-20px !important;}<\/style><div class=\"fusion-posts-container fusion-posts-container-no fusion-no-meta-info fusion-blog-rollover fusion-blog-layout-grid fusion-blog-layout-grid-2 isotope\" data-pages=\"1\" data-grid-col-space=\"40\" style=\"margin: -20px -20px 0;min-height:500px;\"><article id=\"blog-1-post-2844\" class=\"fusion-post-grid post-2844 post type-post status-publish format-standard has-post-thumbnail hentry category-non-classifiee category-recettes category-volailles\">\n<div class=\"fusion-post-wrapper\" style=\"background-color:rgba(255,255,255,0);border:none;\">\n\n\t\t\t<div class=\"fusion-flexslider flexslider fusion-flexslider-loading fusion-post-slideshow\" style=\"border-color:rgba(255,255,255,0);\">\n\t\t<ul class=\"slides\">\n\t\t\t\n\t\t\t\t\t\t\t\t\t\t\t\t\t\t<li><div  class=\"fusion-image-wrapper\" aria-haspopup=\"true\">\n\t\t\t\t<img decoding=\"async\" width=\"1100\" height=\"736\" src=\"https:\/\/hostalets.ch\/wp-content\/uploads\/2016\/02\/RAV001_Picantones-en-escabeche.jpg\" class=\"attachment-full size-full wp-post-image\" alt=\"\" srcset=\"https:\/\/hostalets.ch\/wp-content\/uploads\/2016\/02\/RAV001_Picantones-en-escabeche-600x401.jpg 600w, https:\/\/hostalets.ch\/wp-content\/uploads\/2016\/02\/RAV001_Picantones-en-escabeche.jpg 1100w\" sizes=\"(min-width: 2200px) 100vw, (min-width: 732px) 530px, (min-width: 640px) 732px, \" \/><div class=\"fusion-rollover\">\n\t<div class=\"fusion-rollover-content\">\n\n\t\t\t\t\t\t\t\t\t\t\t\t\t\t<a class=\"fusion-rollover-link\" href=\"https:\/\/hostalets.ch\/fr\/poulet-a-lescabeche-huile-dolive-extra-vierge-arbequina-bio\/\">PPOULET \u00c0 L\u2019ESCAB\u00c8CHE HUILE D\u2019OLIVE EXTRA VIERGE ARBEQUINA BIO<\/a>\n\t\t\t\n\t\t\t\t\t\t\t\t\t\t\t\t\t\t\n\t\t\t\t\t\t\t\t\n\t\t\t\t\t\t\t\t\t\t\t\t\t<div class=\"fusion-rollover-sep\"><\/div>\n\t\t\t\t\n\t\t\t\t\t\t\t\t\t\t\t\t\t\t\t\t\t\t<a class=\"fusion-rollover-gallery\" href=\"https:\/\/hostalets.ch\/wp-content\/uploads\/2016\/02\/RAV001_Picantones-en-escabeche.jpg\" data-id=\"2844\" data-rel=\"iLightbox[gallery]\" data-title=\"RAV001_Picantones-en-escabeche\" data-caption=\"\">\n\t\t\t\t\t\tGallery\t\t\t\t\t<\/a>\n\t\t\t\t\t\t\t\t\t\t\t\t\t\t\n\t\t\n\t\t\t\t\t\t\t\t\t\t\t\t<h4 class=\"fusion-rollover-title\">\n\t\t\t\t\t<a class=\"fusion-rollover-title-link\" href=\"https:\/\/hostalets.ch\/fr\/poulet-a-lescabeche-huile-dolive-extra-vierge-arbequina-bio\/\">\n\t\t\t\t\t\tPPOULET \u00c0 L\u2019ESCAB\u00c8CHE HUILE D\u2019OLIVE EXTRA VIERGE ARBEQUINA BIO\t\t\t\t\t<\/a>\n\t\t\t\t<\/h4>\n\t\t\t\n\t\t\t\t\t\t\t\t\t\t<div class=\"fusion-rollover-categories\"><a href=\"https:\/\/hostalets.ch\/fr\/category\/non-classifiee\/\" rel=\"tag\">Non classifi\u00e9(e)<\/a>, <a href=\"https:\/\/hostalets.ch\/fr\/category\/recettes\/\" rel=\"tag\">RECETTES<\/a>, <a href=\"https:\/\/hostalets.ch\/fr\/category\/recettes\/volailles\/\" rel=\"tag\">Volailles<\/a><\/div>\t\t\t\t\t\n\t\t\n\t\t\t\t\t\t<a class=\"fusion-link-wrapper\" href=\"https:\/\/hostalets.ch\/fr\/poulet-a-lescabeche-huile-dolive-extra-vierge-arbequina-bio\/\" aria-label=\"PPOULET \u00c0 L\u2019ESCAB\u00c8CHE HUILE D\u2019OLIVE EXTRA VIERGE ARBEQUINA BIO\"><\/a>\n\t<\/div>\n<\/div>\n<\/div>\n<\/li>\n\t\t\t\n\t\t\t\n\t\t\t\t\t\t\t\t\t\t\t\t\t\t\t\t\t\t\t\t\t\t\t\t\t\t\t\t\t\t\t\t\t\t\t\t\t\t\t\t\t\t\t\t\t\t\t\t\t\t\t\t\t\t\t\t\t\t\t\t\t\t\t\t\t\t\t\t<\/ul>\n\t<\/div>\n\t<div class=\"fusion-post-content-wrapper\" style=\"padding:30px 25px 25px 25px;\"><div class=\"fusion-post-content post-content\"><h2 class=\"blog-shortcode-post-title entry-title\"><a href=\"https:\/\/hostalets.ch\/fr\/poulet-a-lescabeche-huile-dolive-extra-vierge-arbequina-bio\/\">PPOULET \u00c0 L\u2019ESCAB\u00c8CHE HUILE D\u2019OLIVE EXTRA VIERGE ARBEQUINA BIO<\/a><\/h2><div class=\"fusion-post-content-container\"><p>  Ingr\u00e9dients pour 4 personnes :  2 petits poulets. 2 gros oignons. 2 gousses d\u2019ail. 4 carottes 20 ml de Vinaigre de X\u00e9r\u00e8s au Pedro Xim\u00e9nez FH1898 50 ml d\u2019huile d\u2019olive extra vierge [...]<\/p><\/div><\/div><\/div><div class=\"fusion-clearfix\"><\/div><\/div>\n<\/article>\n<div class=\"fusion-clearfix\"><\/div><\/div><\/div><div class=\"fusion-clearfix\"><\/div><\/div><\/div><\/div><\/div>\n","protected":false},"excerpt":{"rendered":"","protected":false},"author":1,"featured_media":0,"parent":306,"menu_order":0,"comment_status":"closed","ping_status":"closed","template":"","meta":{"_exactmetrics_skip_tracking":false,"_exactmetrics_sitenote_active":false,"_exactmetrics_sitenote_note":"","_exactmetrics_sitenote_category":0,"footnotes":""},"_links":{"self":[{"href":"https:\/\/hostalets.ch\/fr\/wp-json\/wp\/v2\/pages\/2899"}],"collection":[{"href":"https:\/\/hostalets.ch\/fr\/wp-json\/wp\/v2\/pages"}],"about":[{"href":"https:\/\/hostalets.ch\/fr\/wp-json\/wp\/v2\/types\/page"}],"author":[{"embeddable":true,"href":"https:\/\/hostalets.ch\/fr\/wp-json\/wp\/v2\/users\/1"}],"replies":[{"embeddable":true,"href":"https:\/\/hostalets.ch\/fr\/wp-json\/wp\/v2\/comments?post=2899"}],"version-history":[{"count":1,"href":"https:\/\/hostalets.ch\/fr\/wp-json\/wp\/v2\/pages\/2899\/revisions"}],"predecessor-version":[{"id":2929,"href":"https:\/\/hostalets.ch\/fr\/wp-json\/wp\/v2\/pages\/2899\/revisions\/2929"}],"up":[{"embeddable":true,"href":"https:\/\/hostalets.ch\/fr\/wp-json\/wp\/v2\/pages\/306"}],"wp:attachment":[{"href":"https:\/\/hostalets.ch\/fr\/wp-json\/wp\/v2\/media?parent=2899"}],"curies":[{"name":"wp","href":"https:\/\/api.w.org\/{rel}","templated":true}]}}