{"id":261,"date":"2016-04-11T01:06:40","date_gmt":"2016-04-11T01:06:40","guid":{"rendered":"http:\/\/hostalets.ch\/condiciones-generales-de-venta\/?lang=fr"},"modified":"2018-10-09T19:55:37","modified_gmt":"2018-10-09T19:55:37","slug":"cgv","status":"publish","type":"page","link":"https:\/\/hostalets.ch\/fr\/cgv\/","title":{"rendered":"CGV"},"content":{"rendered":"<div class=\"fusion-fullwidth fullwidth-box fusion-builder-row-1 nonhundred-percent-fullwidth non-hundred-percent-height-scrolling\" style=\"--awb-background-position:left top;--awb-border-radius-top-left:0px;--awb-border-radius-top-right:0px;--awb-border-radius-bottom-right:0px;--awb-border-radius-bottom-left:0px;--awb-padding-top:20px;--awb-padding-bottom:20px;--awb-border-sizes-top:0px;--awb-border-sizes-bottom:0px;--awb-flex-wrap:wrap;\" ><div class=\"fusion-builder-row fusion-row\"><div class=\"fusion-layout-column fusion_builder_column fusion-builder-column-0 fusion_builder_column_1_1 1_1 fusion-one-full fusion-column-first fusion-column-last fusion-column-no-min-height\" style=\"--awb-bg-size:cover;--awb-margin-bottom:0px;\"><div class=\"fusion-column-wrapper fusion-flex-column-wrapper-legacy\"><div class=\"fusion-title title fusion-title-1 fusion-sep-none fusion-title-text fusion-title-size-one\"><h1 class=\"fusion-title-heading title-heading-left\" style=\"margin:0;\">CGV &#8211; CONDITIONS G\u00c9N\u00c9RALES DE VENTE<\/h1><\/div><div class=\"fusion-clearfix\"><\/div><\/div><\/div><div class=\"fusion-layout-column fusion_builder_column fusion-builder-column-1 fusion_builder_column_1_1 1_1 fusion-one-full fusion-column-first fusion-column-last\" style=\"--awb-bg-size:cover;\"><div class=\"fusion-column-wrapper fusion-flex-column-wrapper-legacy\"><div class=\"fusion-text fusion-text-1\"><p><strong>PRIX<\/strong><\/p>\n<p>Les prix sont nets par article et TVA compris.<\/p>\n<p><strong>\u00a0<\/strong><\/p>\n<p><strong>MODE DE PAIEMENT<\/strong><\/p>\n<p>1.- PayPal<\/p>\n<p>2.- Virement bancaire<\/p>\n<p>Payez sans frais par paiement anticip\u00e9. Votre commande sera trait\u00e9e d\u00e8s r\u00e9ception de votre paiement.<\/p>\n<p>&nbsp;<\/p>\n<p><strong>COMMANDE<\/strong><\/p>\n<p>Options de commande : du lundi au vendredi par online Shop, e-mail ou t\u00e9l\u00e9phone jusqu\u2019\u00e0 12h00 heures pour une livraison le lendemain.<\/p>\n<p>Apr\u00e8s 12h00, livraison le surlendemain.<\/p>\n<p>Quantit\u00e9 minimale de la commande :\u00a01 bt.<\/p>\n<p><strong>\u00a0<\/strong><\/p>\n<p><strong>CONDITIONS DE LIVRASION<\/strong><\/p>\n<p>Les livraisons sont effectu\u00e9es du lundi au vendredi de 05h00 \u00e0 17h00.<\/p>\n<p>Les livraisons sont assur\u00e9es franco domicile par camion en Dispobox \u00e9cologique avec de la temp\u00e9rature permanente.<\/p>\n<p>&nbsp;<\/p>\n<p><strong>Service optionnel &gt; Suppl\u00e9ment<\/strong><\/p>\n<p><strong>Swiss-Express \u00abLune\u00bb<\/strong>\u00a0 \u00a0<strong>22.00 CHF<\/strong><\/p>\n<p>D\u00e9p\u00f4t de l\u2019envoi aujourd\u2019hui, distribution au destinataire demain avant 9h00<\/p>\n<p><strong>\u00a0<\/strong><\/p>\n<p><strong>R\u00c9CLAMATIONS<\/strong><\/p>\n<p>Le client s\u2019engage \u00e0 r\u00e9ceptionner la marchandise command\u00e9e.<\/p>\n<p>Les quantit\u00e9s et la qualit\u00e9 de la marchandise livr\u00e9e doivent \u00eatre imm\u00e9diatement contr\u00f4l\u00e9es apr\u00e8s<\/p>\n<p>r\u00e9ception et les \u00e9ventuelles d\u00e9ficiences doivent \u00eatre annonc\u00e9es au plus tard 2 jours ouvrables \u00e0 partir de la date indiqu\u00e9e, jour de livraison inclus (du lundi au vendredi).<\/p>\n<p>&nbsp;<\/p>\n<p><strong>INFO<\/strong><\/p>\n<p>Depuis le printemps 2011, notre logistique est en conformit\u00e9 avec les normes ISO 9001, la certification ISO 22000 et IFS Logistique.<\/p>\n<p>* Sur demande *Sd<\/p>\n<p>CAHS se r\u00e9serve le droit de modifier ses prix \u00e0 tout moment. Les produits et les prix publi\u00e9s dans la boutique en ligne constituent une offre. Celle-ci est cependant toujours subordonn\u00e9e \u00e0 la condition (r\u00e9solutoire) que la livraison soit possible ou que le prix indiqu\u00e9 soit exempt d\u2019erreur.<\/p>\n<p><span style=\"color: #000000; font-family: Calibri;\">\u00a0<\/span><\/p>\n<\/div><div class=\"fusion-clearfix\"><\/div><\/div><\/div><\/div><\/div>\n","protected":false},"excerpt":{"rendered":"","protected":false},"author":1,"featured_media":0,"parent":0,"menu_order":0,"comment_status":"closed","ping_status":"closed","template":"100-width.php","meta":{"_exactmetrics_skip_tracking":false,"_exactmetrics_sitenote_active":false,"_exactmetrics_sitenote_note":"","_exactmetrics_sitenote_category":0,"footnotes":""},"_links":{"self":[{"href":"https:\/\/hostalets.ch\/fr\/wp-json\/wp\/v2\/pages\/261"}],"collection":[{"href":"https:\/\/hostalets.ch\/fr\/wp-json\/wp\/v2\/pages"}],"about":[{"href":"https:\/\/hostalets.ch\/fr\/wp-json\/wp\/v2\/types\/page"}],"author":[{"embeddable":true,"href":"https:\/\/hostalets.ch\/fr\/wp-json\/wp\/v2\/users\/1"}],"replies":[{"embeddable":true,"href":"https:\/\/hostalets.ch\/fr\/wp-json\/wp\/v2\/comments?post=261"}],"version-history":[{"count":19,"href":"https:\/\/hostalets.ch\/fr\/wp-json\/wp\/v2\/pages\/261\/revisions"}],"predecessor-version":[{"id":3341,"href":"https:\/\/hostalets.ch\/fr\/wp-json\/wp\/v2\/pages\/261\/revisions\/3341"}],"wp:attachment":[{"href":"https:\/\/hostalets.ch\/fr\/wp-json\/wp\/v2\/media?parent=261"}],"curies":[{"name":"wp","href":"https:\/\/api.w.org\/{rel}","templated":true}]}}