{"id":332,"date":"2016-02-29T14:56:49","date_gmt":"2016-02-29T14:56:49","guid":{"rendered":"http:\/\/hostalets.ch\/de\/producto\/aove-ecologico-500-ml\/"},"modified":"2017-11-29T22:43:15","modified_gmt":"2017-11-29T22:43:15","slug":"aove-ecologico-500-ml","status":"publish","type":"product","link":"https:\/\/hostalets.ch\/de\/tienda\/aceite_oliva_virgen_ecologico-de\/aove-ecologico-500-ml\/","title":{"rendered":"\u00d6kologisches Natives Oliven\u00f6l Extra Vergine Arbequina  Reserva Familiar 500ml"},"content":{"rendered":"<p>\u00d6kologisches Natives Oliven\u00f6l Extra Vergine Arbequina\u00a0 Reserva Familiar<\/p>\n","protected":false},"excerpt":{"rendered":"<p>Fruchtig gr\u00fcn mit Aromen von Tomate und Sauer\u00e4pfel, die sich sehr komplex im Mund entfalten mit den\u00a0 Aromen der frisch geernteten Mandeln.<\/p>\n<p>Hinterl\u00e4sst eine Frische im Mund ohne Empfindung von Herbe, und ein leicht pikantes Empfinden im Nachklang.<\/p>\n<p>Hervorzuheben sind die Feinheit und Eleganz in der Nase und die \u00dcppigkeit im Mund, die dem \u00d6l eine einzigartige Pers\u00f6nlichkeit verleihen.<\/p>\n[wpdm_package id='420']\n","protected":false},"featured_media":3469,"template":"","meta":{"_exactmetrics_skip_tracking":false,"_exactmetrics_sitenote_active":false,"_exactmetrics_sitenote_note":"","_exactmetrics_sitenote_category":0},"product_cat":[27],"product_tag":[],"_links":{"self":[{"href":"https:\/\/hostalets.ch\/de\/wp-json\/wp\/v2\/product\/332"}],"collection":[{"href":"https:\/\/hostalets.ch\/de\/wp-json\/wp\/v2\/product"}],"about":[{"href":"https:\/\/hostalets.ch\/de\/wp-json\/wp\/v2\/types\/product"}],"wp:featuredmedia":[{"embeddable":true,"href":"https:\/\/hostalets.ch\/de\/wp-json\/wp\/v2\/media\/3469"}],"wp:attachment":[{"href":"https:\/\/hostalets.ch\/de\/wp-json\/wp\/v2\/media?parent=332"}],"wp:term":[{"taxonomy":"product_cat","embeddable":true,"href":"https:\/\/hostalets.ch\/de\/wp-json\/wp\/v2\/product_cat?post=332"},{"taxonomy":"product_tag","embeddable":true,"href":"https:\/\/hostalets.ch\/de\/wp-json\/wp\/v2\/product_tag?post=332"}],"curies":[{"name":"wp","href":"https:\/\/api.w.org\/{rel}","templated":true}]}}