{"id":319,"date":"2016-02-29T12:06:14","date_gmt":"2016-02-29T12:06:14","guid":{"rendered":"http:\/\/hostalets.ch\/de\/producto\/aove-ecologico-100-ml\/"},"modified":"2017-11-29T22:43:48","modified_gmt":"2017-11-29T22:43:48","slug":"aove-ecologico-100-ml","status":"publish","type":"product","link":"https:\/\/hostalets.ch\/de\/tienda\/aceite_oliva_virgen_ecologico-de\/aove-ecologico-100-ml\/","title":{"rendered":"\u00d6kologisches Natives Oliven\u00f6l Extra Vergine Arbequina  Reserva Familiar 100ml"},"content":{"rendered":"<p>\u00d6kologisches Natives Oliven\u00f6l Extra Vergine Arbequina\u00a0 Reserva Familiar<\/p>\n","protected":false},"excerpt":{"rendered":"<p>Fruchtig gr\u00fcn mit Aromen von Tomate und Sauer\u00e4pfel, die sich sehr komplex im Mund entfalten mit den\u00a0 Aromen der frisch geernteten Mandeln.<\/p>\n<p>Hinterl\u00e4sst eine Frische im Mund ohne Empfindung von Herbe, und ein leicht pikantes Empfinden im Nachklang.<\/p>\n<p>Hervorzuheben sind die Feinheit und Eleganz in der Nase und die \u00dcppigkeit im Mund, die dem \u00d6l eine einzigartige Pers\u00f6nlichkeit verleihen.<\/p>\n[wpdm_package id='417']\n","protected":false},"featured_media":3485,"template":"","meta":{"_exactmetrics_skip_tracking":false,"_exactmetrics_sitenote_active":false,"_exactmetrics_sitenote_note":"","_exactmetrics_sitenote_category":0},"product_cat":[27],"product_tag":[128],"_links":{"self":[{"href":"https:\/\/hostalets.ch\/de\/wp-json\/wp\/v2\/product\/319"}],"collection":[{"href":"https:\/\/hostalets.ch\/de\/wp-json\/wp\/v2\/product"}],"about":[{"href":"https:\/\/hostalets.ch\/de\/wp-json\/wp\/v2\/types\/product"}],"wp:featuredmedia":[{"embeddable":true,"href":"https:\/\/hostalets.ch\/de\/wp-json\/wp\/v2\/media\/3485"}],"wp:attachment":[{"href":"https:\/\/hostalets.ch\/de\/wp-json\/wp\/v2\/media?parent=319"}],"wp:term":[{"taxonomy":"product_cat","embeddable":true,"href":"https:\/\/hostalets.ch\/de\/wp-json\/wp\/v2\/product_cat?post=319"},{"taxonomy":"product_tag","embeddable":true,"href":"https:\/\/hostalets.ch\/de\/wp-json\/wp\/v2\/product_tag?post=319"}],"curies":[{"name":"wp","href":"https:\/\/api.w.org\/{rel}","templated":true}]}}