{"id":2393,"date":"2017-06-18T18:44:26","date_gmt":"2017-06-18T18:44:26","guid":{"rendered":"http:\/\/hostalets.ch\/tienda\/aceite_trufado-de\/noev-weisse-truffel-500-ml\/"},"modified":"2017-07-15T18:35:52","modified_gmt":"2017-07-15T18:35:52","slug":"noev-weisse-truffel-500-ml","status":"publish","type":"product","link":"https:\/\/hostalets.ch\/de\/tienda\/aceite_trufado-de\/noev-weisse-truffel-500-ml\/","title":{"rendered":"NOEV-Weisse Tr\u00fcffel 500 ml"},"content":{"rendered":"<p>Natives Oliven\u00f6l Extra Vergine, Weisse Tr\u00fcffel<\/p>\n","protected":false},"excerpt":{"rendered":"<div class=\"rte\">\n<p>Ich habe die wei\u00dfe Tr\u00fcffel, Tuber Magnatum Pico, in Cadaques an der Costa Brava kennengelernt, dank des gro\u00dfen Meisters der italienischen K\u00fcche Gianni.<\/p>\n<p>In Italien ist diese Tr\u00fcffel als Tartufo Bianco von Piamonte bekannt.<\/p>\n<p>Ihr \u00d6kosystem befindet sich ausschlie\u00dflich in Italien und in der Halbinsel von Istrien,Sie ist eine Rarit\u00e4t, auch in der K\u00fcche.<\/p>\n<p>Mit einem charakteristischen, intensiven und sehr akzentuierten Duft ist sie ideal um Pasta, Risotto und Gem\u00fcse zu verfeinern. Unentbehrlich\u2026<\/p>\n[wpdm_package id='2644']\n<\/div>\n","protected":false},"featured_media":3449,"template":"","meta":{"_exactmetrics_skip_tracking":false,"_exactmetrics_sitenote_active":false,"_exactmetrics_sitenote_note":"","_exactmetrics_sitenote_category":0},"product_cat":[33],"product_tag":[],"_links":{"self":[{"href":"https:\/\/hostalets.ch\/de\/wp-json\/wp\/v2\/product\/2393"}],"collection":[{"href":"https:\/\/hostalets.ch\/de\/wp-json\/wp\/v2\/product"}],"about":[{"href":"https:\/\/hostalets.ch\/de\/wp-json\/wp\/v2\/types\/product"}],"wp:featuredmedia":[{"embeddable":true,"href":"https:\/\/hostalets.ch\/de\/wp-json\/wp\/v2\/media\/3449"}],"wp:attachment":[{"href":"https:\/\/hostalets.ch\/de\/wp-json\/wp\/v2\/media?parent=2393"}],"wp:term":[{"taxonomy":"product_cat","embeddable":true,"href":"https:\/\/hostalets.ch\/de\/wp-json\/wp\/v2\/product_cat?post=2393"},{"taxonomy":"product_tag","embeddable":true,"href":"https:\/\/hostalets.ch\/de\/wp-json\/wp\/v2\/product_tag?post=2393"}],"curies":[{"name":"wp","href":"https:\/\/api.w.org\/{rel}","templated":true}]}}