{"id":2891,"date":"2016-07-31T00:40:08","date_gmt":"2016-07-31T00:40:08","guid":{"rendered":"https:\/\/hostalets.ch\/rezepte\/entrantes\/"},"modified":"2017-08-05T12:14:39","modified_gmt":"2017-08-05T12:14:39","slug":"vorspeisen","status":"publish","type":"page","link":"https:\/\/hostalets.ch\/de\/rezepte\/vorspeisen\/","title":{"rendered":"Vorspeisen"},"content":{"rendered":"<div class=\"fusion-fullwidth fullwidth-box fusion-builder-row-1 hundred-percent-fullwidth non-hundred-percent-height-scrolling\" style=\"--awb-border-radius-top-left:0px;--awb-border-radius-top-right:0px;--awb-border-radius-bottom-right:0px;--awb-border-radius-bottom-left:0px;--awb-overflow:visible;--awb-flex-wrap:wrap;\" ><div class=\"fusion-builder-row fusion-row\"><div class=\"fusion-layout-column fusion_builder_column fusion-builder-column-0 fusion_builder_column_1_1 1_1 fusion-one-full fusion-column-first fusion-column-last fusion-column-no-min-height\" style=\"--awb-bg-size:cover;--awb-margin-bottom:0px;\"><div class=\"fusion-column-wrapper fusion-flex-column-wrapper-legacy\"><div class=\"fusion-blog-shortcode fusion-blog-shortcode-1 fusion-blog-archive fusion-blog-layout-grid-wrapper fusion-blog-pagination\"><style type=\"text\/css\">.fusion-blog-shortcode-1 .fusion-blog-layout-grid .fusion-post-grid{padding:20px;}.fusion-blog-shortcode-1 .fusion-posts-container{margin-left: -20px !important; margin-right:-20px !important;}<\/style><div class=\"fusion-posts-container fusion-posts-container-pagination fusion-no-meta-info fusion-blog-rollover fusion-blog-layout-grid fusion-blog-layout-grid-2 isotope\" data-pages=\"1\" data-grid-col-space=\"40\" style=\"margin: -20px -20px 0;min-height:500px;\"><article id=\"blog-1-post-2835\" class=\"fusion-post-grid post-2835 post type-post status-publish format-standard has-post-thumbnail hentry category-rezepte category-unkategorisiert category-vorspeisen\">\n<div class=\"fusion-post-wrapper\" style=\"background-color:rgba(255,255,255,0);border:none;\">\n\n\t\t\t<div class=\"fusion-flexslider flexslider fusion-flexslider-loading fusion-post-slideshow\" style=\"border-color:rgba(255,255,255,0);\">\n\t\t<ul class=\"slides\">\n\t\t\t\n\t\t\t\t\t\t\t\t\t\t\t\t\t\t<li><div  class=\"fusion-image-wrapper\" aria-haspopup=\"true\">\n\t\t\t\t<img decoding=\"async\" width=\"940\" height=\"627\" src=\"https:\/\/hostalets.ch\/wp-content\/uploads\/2016\/02\/RENT001_PIPIRANA.jpg\" class=\"attachment-full size-full wp-post-image\" alt=\"\" srcset=\"https:\/\/hostalets.ch\/wp-content\/uploads\/2016\/02\/RENT001_PIPIRANA-600x400.jpg 600w, https:\/\/hostalets.ch\/wp-content\/uploads\/2016\/02\/RENT001_PIPIRANA.jpg 940w\" sizes=\"(min-width: 2200px) 100vw, (min-width: 732px) 530px, (min-width: 640px) 732px, \" \/><div class=\"fusion-rollover\">\n\t<div class=\"fusion-rollover-content\">\n\n\t\t\t\t\t\t\t\t\t\t\t\t\t\t<a class=\"fusion-rollover-link\" href=\"https:\/\/hostalets.ch\/de\/gemuesesalat-pipirrana-mit-bio-olivenoel-aus-arbequina-virgen-extra\/\">GEM\u00dcSESALAT PIPIRRANA MIT BIO-OLIVEN\u00d6L AUS ARBEQUINA VIRGEN EXTRA<\/a>\n\t\t\t\n\t\t\t\t\t\t\t\t\t\t\t\t\t\t\n\t\t\t\t\t\t\t\t\n\t\t\t\t\t\t\t\t\t\t\t\t\t<div class=\"fusion-rollover-sep\"><\/div>\n\t\t\t\t\n\t\t\t\t\t\t\t\t\t\t\t\t\t\t\t\t\t\t<a class=\"fusion-rollover-gallery\" href=\"https:\/\/hostalets.ch\/wp-content\/uploads\/2016\/02\/RENT001_PIPIRANA.jpg\" data-id=\"2835\" data-rel=\"iLightbox[gallery]\" data-title=\"RENT001_PIPIRANA\" data-caption=\"\">\n\t\t\t\t\t\tGallery\t\t\t\t\t<\/a>\n\t\t\t\t\t\t\t\t\t\t\t\t\t\t\n\t\t\n\t\t\t\t\t\t\t\t\t\t\t\t<h4 class=\"fusion-rollover-title\">\n\t\t\t\t\t<a class=\"fusion-rollover-title-link\" href=\"https:\/\/hostalets.ch\/de\/gemuesesalat-pipirrana-mit-bio-olivenoel-aus-arbequina-virgen-extra\/\">\n\t\t\t\t\t\tGEM\u00dcSESALAT PIPIRRANA MIT BIO-OLIVEN\u00d6L AUS ARBEQUINA VIRGEN EXTRA\t\t\t\t\t<\/a>\n\t\t\t\t<\/h4>\n\t\t\t\n\t\t\t\t\t\t\t\t\t\t<div class=\"fusion-rollover-categories\"><a href=\"https:\/\/hostalets.ch\/de\/category\/rezepte\/\" rel=\"tag\">rezepte<\/a>, <a href=\"https:\/\/hostalets.ch\/de\/category\/unkategorisiert\/\" rel=\"tag\">Unkategorisiert<\/a>, <a href=\"https:\/\/hostalets.ch\/de\/category\/rezepte\/vorspeisen\/\" rel=\"tag\">Vorspeisen<\/a><\/div>\t\t\t\t\t\n\t\t\n\t\t\t\t\t\t<a class=\"fusion-link-wrapper\" href=\"https:\/\/hostalets.ch\/de\/gemuesesalat-pipirrana-mit-bio-olivenoel-aus-arbequina-virgen-extra\/\" aria-label=\"GEM\u00dcSESALAT PIPIRRANA MIT BIO-OLIVEN\u00d6L AUS ARBEQUINA VIRGEN EXTRA\"><\/a>\n\t<\/div>\n<\/div>\n<\/div>\n<\/li>\n\t\t\t\n\t\t\t\n\t\t\t\t\t\t\t\t\t\t\t\t\t\t\t\t\t\t\t\t\t\t\t\t\t\t\t\t\t\t\t\t\t\t\t\t\t\t\t\t\t\t\t\t\t\t\t\t\t\t\t\t\t\t\t\t\t\t\t\t\t\t\t\t\t\t\t\t<\/ul>\n\t<\/div>\n\t<div class=\"fusion-post-content-wrapper\" style=\"padding:30px 25px 25px 25px;\"><div class=\"fusion-post-content post-content\"><h2 class=\"blog-shortcode-post-title entry-title\"><a href=\"https:\/\/hostalets.ch\/de\/gemuesesalat-pipirrana-mit-bio-olivenoel-aus-arbequina-virgen-extra\/\">GEM\u00dcSESALAT PIPIRRANA MIT BIO-OLIVEN\u00d6L AUS ARBEQUINA VIRGEN EXTRA<\/a><\/h2><div class=\"fusion-post-content-container\"><p>  Zutaten f\u00fcr 4 Personen:  6 reife Tomaten. 3 frische Fr\u00fchlingszwiebeln. 3 Gurken. 3 gr\u00fcne Paprika. Salz Pfeffer 2 Knoblauchzehen. 200 g Thunfisch. 2 gekochte Eier. 5 g K\u00fcmmel. 20 ml Karamellessig FH1898. [...]<\/p><\/div><\/div><\/div><div class=\"fusion-clearfix\"><\/div><\/div>\n<\/article>\n<div class=\"fusion-clearfix\"><\/div><\/div><\/div><div class=\"fusion-clearfix\"><\/div><\/div><\/div><\/div><\/div>\n","protected":false},"excerpt":{"rendered":"","protected":false},"author":1,"featured_media":0,"parent":307,"menu_order":0,"comment_status":"closed","ping_status":"closed","template":"","meta":{"_exactmetrics_skip_tracking":false,"_exactmetrics_sitenote_active":false,"_exactmetrics_sitenote_note":"","_exactmetrics_sitenote_category":0,"footnotes":""},"_links":{"self":[{"href":"https:\/\/hostalets.ch\/de\/wp-json\/wp\/v2\/pages\/2891"}],"collection":[{"href":"https:\/\/hostalets.ch\/de\/wp-json\/wp\/v2\/pages"}],"about":[{"href":"https:\/\/hostalets.ch\/de\/wp-json\/wp\/v2\/types\/page"}],"author":[{"embeddable":true,"href":"https:\/\/hostalets.ch\/de\/wp-json\/wp\/v2\/users\/1"}],"replies":[{"embeddable":true,"href":"https:\/\/hostalets.ch\/de\/wp-json\/wp\/v2\/comments?post=2891"}],"version-history":[{"count":1,"href":"https:\/\/hostalets.ch\/de\/wp-json\/wp\/v2\/pages\/2891\/revisions"}],"predecessor-version":[{"id":2920,"href":"https:\/\/hostalets.ch\/de\/wp-json\/wp\/v2\/pages\/2891\/revisions\/2920"}],"up":[{"embeddable":true,"href":"https:\/\/hostalets.ch\/de\/wp-json\/wp\/v2\/pages\/307"}],"wp:attachment":[{"href":"https:\/\/hostalets.ch\/de\/wp-json\/wp\/v2\/media?parent=2891"}],"curies":[{"name":"wp","href":"https:\/\/api.w.org\/{rel}","templated":true}]}}