{"id":283,"date":"2016-03-25T04:26:36","date_gmt":"2016-03-25T04:26:36","guid":{"rendered":"http:\/\/hostalets.ch\/de\/hostalets\/"},"modified":"2017-07-22T09:11:38","modified_gmt":"2017-07-22T09:11:38","slug":"hostalets","status":"publish","type":"page","link":"https:\/\/hostalets.ch\/de\/hostalets\/","title":{"rendered":"Hostalets"},"content":{"rendered":"<p><div class=\"fusion-fullwidth fullwidth-box fusion-builder-row-1 nonhundred-percent-fullwidth non-hundred-percent-height-scrolling\" style=\"--awb-background-position:left top;--awb-border-radius-top-left:0px;--awb-border-radius-top-right:0px;--awb-border-radius-bottom-right:0px;--awb-border-radius-bottom-left:0px;--awb-padding-top:20px;--awb-padding-bottom:20px;--awb-border-sizes-top:0px;--awb-border-sizes-bottom:0px;--awb-flex-wrap:wrap;\" ><div class=\"fusion-builder-row fusion-row\"><div class=\"fusion-layout-column fusion_builder_column fusion-builder-column-0 fusion_builder_column_1_1 1_1 fusion-one-full fusion-column-first fusion-column-last\" style=\"--awb-bg-size:cover;\"><div class=\"fusion-column-wrapper fusion-flex-column-wrapper-legacy\"><script type=\"text\/javascript\">jQuery(function() { _initLayerSlider( '#layerslider_4_14s2s4fzj4biu', {sliderVersion: '6.1.0', allowFullscreen: true, pauseOnHover: 'enabled', skin: 'v6', sliderFadeInDuration: 350, navPrevNext: false, hoverPrevNext: false, navStartStop: false, navButtons: false, showCircleTimer: false, thumbnailNavigation: 'disabled', useSrcset: true, skinsPath: 'https:\/\/hostalets.ch\/wp-content\/plugins\/LayerSlider\/assets\/static\/layerslider\/skins\/', performanceMode: true}); });<\/script><div id=\"layerslider_4_14s2s4fzj4biu\" class=\"ls-wp-container fitvidsignore\" style=\"width:1280px;height:400px;margin:0 auto;margin-bottom: 0px;\"><div class=\"ls-slide\" ><img decoding=\"async\" width=\"5184\" height=\"1657\" src=\"https:\/\/hostalets.ch\/wp-content\/uploads\/2016\/03\/Familia.png\" class=\"ls-bg\" alt=\"\" srcset=\"https:\/\/hostalets.ch\/wp-content\/uploads\/2016\/03\/Familia-120x38.png 120w, https:\/\/hostalets.ch\/wp-content\/uploads\/2016\/03\/Familia-200x64.png 200w, https:\/\/hostalets.ch\/wp-content\/uploads\/2016\/03\/Familia-300x96.png 300w, https:\/\/hostalets.ch\/wp-content\/uploads\/2016\/03\/Familia-400x128.png 400w, https:\/\/hostalets.ch\/wp-content\/uploads\/2016\/03\/Familia-500x160.png 500w, https:\/\/hostalets.ch\/wp-content\/uploads\/2016\/03\/Familia-600x192.png 600w, https:\/\/hostalets.ch\/wp-content\/uploads\/2016\/03\/Familia-768x245.png 768w, https:\/\/hostalets.ch\/wp-content\/uploads\/2016\/03\/Familia-800x256.png 800w, https:\/\/hostalets.ch\/wp-content\/uploads\/2016\/03\/Familia-1024x327.png 1024w, https:\/\/hostalets.ch\/wp-content\/uploads\/2016\/03\/Familia-1200x384.png 1200w, https:\/\/hostalets.ch\/wp-content\/uploads\/2016\/03\/Familia.png 5184w\" sizes=\"(max-width: 5184px) 100vw, 5184px\" \/><\/div><\/div><div class=\"fusion-clearfix\"><\/div><\/div><\/div><\/div><\/div><div class=\"fusion-fullwidth fullwidth-box fusion-builder-row-2 nonhundred-percent-fullwidth non-hundred-percent-height-scrolling\" style=\"--awb-background-position:left top;--awb-border-radius-top-left:0px;--awb-border-radius-top-right:0px;--awb-border-radius-bottom-right:0px;--awb-border-radius-bottom-left:0px;--awb-padding-top:20px;--awb-padding-bottom:20px;--awb-border-sizes-top:0px;--awb-border-sizes-bottom:0px;--awb-flex-wrap:wrap;\" ><div class=\"fusion-builder-row fusion-row\"><div class=\"fusion-layout-column fusion_builder_column fusion-builder-column-1 fusion_builder_column_1_1 1_1 fusion-one-full fusion-column-first fusion-column-last\" style=\"--awb-bg-size:cover;\"><div class=\"fusion-column-wrapper fusion-flex-column-wrapper-legacy\"><div class=\"fusion-title title fusion-title-1 fusion-title-text fusion-title-size-one\"><h1 class=\"fusion-title-heading title-heading-left\" style=\"margin:0;\"><strong>FINCA HOSTALETS<\/strong><\/h1><span class=\"awb-title-spacer\"><\/span><div class=\"title-sep-container\"><div class=\"title-sep sep-double sep-solid\" style=\"border-color:#e0dede;\"><\/div><\/div><\/div><div class=\"fusion-clearfix\"><\/div><\/div><\/div><div class=\"fusion-layout-column fusion_builder_column fusion-builder-column-2 fusion_builder_column_1_1 1_1 fusion-one-full fusion-column-first fusion-column-last\" style=\"--awb-bg-size:cover;\"><div class=\"fusion-column-wrapper fusion-flex-column-wrapper-legacy\"><div class=\"fusion-text fusion-text-1\"><p style=\"text-align: justify;\">Finca Hostalets besteht zur Zeit aus drei Generationen:\u00a0 Jos\u00e9 Seuma Ibarz (in der Mitte), er sorgte f\u00fcr die Wieder- Auferstehung des Olivenhains auf dem Grundst\u00fcck, gefolgt von\u00a0 Jos\u00e9 Seuma Ter\u00e9s (links); er ist verantwortlich f\u00fcr dieses wunderbare Projekt, neben ihm sein Sohn Arturo Seuma Ruiz (rechts). Zusammen m\u00f6chten sie die Leidenschaft f\u00fcr den Anbau von \u00d6kologischen Oliven\u00f6l teilen.<\/p>\n<p style=\"text-align: justify;\">Unsere Urspr\u00fcnge reichen bis ins Jahr 1898, als Joaqu\u00edn Ibarz, Urgro\u00dfvater des heutigen verantwortlichen, sein Olivenhain anbaute und \u00d6l in der Steinm\u00fchle im Keller des Familienanwesens herstellte.<\/p>\n<p style=\"text-align: justify;\">In den 80er Jahren des 20. Jahrhunderts begann Jos\u00e9 Seuma Ibarz mit dem Wiederaufbau des Olivenhains in der ganzen Finca &#8211;\u00a0 nach einer langen Pause nach den verheerenden Fr\u00f6sten von 1956, als er die einheimische Arbequino Olive im traditionellen Rahmen von 7 mal 7 anbaute.<\/p>\n<p style=\"text-align: justify;\">Im Jahr 2004 \u00fcbernahm Jos\u00e9 Seuma Ter\u00e9s, der vierten Generation, die Leitung des Agrarbetriebs. 2010 begann die Umstellung der Finca zum \u00d6kologischen Anbau unter der Aufsicht und Konrtrolle der CCPAE (Consejo Catal\u00e1n de la Producci\u00f3n Agraria Ecol\u00f3gica).(Katalanische Aufsichtsbeh\u00f6rde f\u00fcr den \u00d6kologischen landwirtschaftlichen Anbau).<\/p>\n<p style=\"text-align: justify;\">Ende des gleichen Jahres, begann die Vermarktung unseres NOEV (\u00d6kologischen Native Oliven\u00f6l Extra Vergine) unter der eingetragenen Handelsmarke Finca Els Hostalets.\u00a0 In seinem Bem\u00fchen um die beste Arbequina Olive der Welt zu erhalten, hat Jos\u00e9 Seuma mit den besten Fachleuten gearbeitet, die ihm Tag f\u00fcr Tag bei den Herstellungsprozessen wie Anbau, Ernte, Herstellung, Abf\u00fcllung und Konservierung helfen. Die Herstellung unseres exklusiven NOEV (\u00d6kologischen Native Oliven\u00f6l Extra Vergine) folgt einem strengen Prozess, basierend auf dem Wissen, dem Respekt, der Erfahrung und der Leidenschaft von vier Generationen von Olivenbauern und \u00fcber ein Jahrhundert schwerer Arbeit in einer historischen Finca.<\/p>\n<\/div><div class=\"fusion-clearfix\"><\/div><\/div><\/div><\/div><\/div><div class=\"fusion-fullwidth fullwidth-box fusion-builder-row-3 nonhundred-percent-fullwidth non-hundred-percent-height-scrolling\" style=\"--awb-border-radius-top-left:0px;--awb-border-radius-top-right:0px;--awb-border-radius-bottom-right:0px;--awb-border-radius-bottom-left:0px;--awb-padding-top:20px;--awb-padding-bottom:20px;--awb-flex-wrap:wrap;\" ><div class=\"fusion-builder-row fusion-row\"><div class=\"fusion-layout-column fusion_builder_column fusion-builder-column-3 fusion_builder_column_1_5 1_5 fusion-one-fifth fusion-column-first\" style=\"--awb-bg-size:cover;width:20%;width:calc(20% - ( ( 4% + 4% ) * 0.2 ) );margin-right: 4%;\"><div class=\"fusion-column-wrapper fusion-flex-column-wrapper-legacy\"><div class=\"fusion-clearfix\"><\/div><\/div><\/div><div class=\"fusion-layout-column fusion_builder_column fusion-builder-column-4 fusion_builder_column_3_5 3_5 fusion-three-fifth\" style=\"--awb-bg-size:cover;width:60%;width:calc(60% - ( ( 4% + 4% ) * 0.6 ) );margin-right: 4%;\"><div class=\"fusion-column-wrapper fusion-flex-column-wrapper-legacy\"><script type=\"text\/javascript\">jQuery(function() { _initLayerSlider( '#layerslider_5_ztlvmyzut1tu', {sliderVersion: '6.1.0', pauseOnHover: 'enabled', skin: 'v6', sliderFadeInDuration: 350, useSrcset: true, skinsPath: 'https:\/\/hostalets.ch\/wp-content\/plugins\/LayerSlider\/assets\/static\/layerslider\/skins\/', performanceMode: true}); });<\/script><div id=\"layerslider_5_ztlvmyzut1tu\" class=\"ls-wp-container fitvidsignore\" style=\"width:751px;height:304px;margin:0 auto;margin-bottom: 0px;\"><div class=\"ls-slide\" ><img decoding=\"async\" width=\"751\" height=\"304\" src=\"https:\/\/hostalets.ch\/wp-content\/uploads\/2016\/03\/Map_Olive_oil_Spain_DOs_SIURANA.png\" class=\"ls-bg\" alt=\"\" srcset=\"https:\/\/hostalets.ch\/wp-content\/uploads\/2016\/03\/Map_Olive_oil_Spain_DOs_SIURANA-120x49.png 120w, https:\/\/hostalets.ch\/wp-content\/uploads\/2016\/03\/Map_Olive_oil_Spain_DOs_SIURANA-200x81.png 200w, https:\/\/hostalets.ch\/wp-content\/uploads\/2016\/03\/Map_Olive_oil_Spain_DOs_SIURANA-300x121.png 300w, https:\/\/hostalets.ch\/wp-content\/uploads\/2016\/03\/Map_Olive_oil_Spain_DOs_SIURANA-400x162.png 400w, https:\/\/hostalets.ch\/wp-content\/uploads\/2016\/03\/Map_Olive_oil_Spain_DOs_SIURANA-500x202.png 500w, https:\/\/hostalets.ch\/wp-content\/uploads\/2016\/03\/Map_Olive_oil_Spain_DOs_SIURANA-600x243.png 600w, https:\/\/hostalets.ch\/wp-content\/uploads\/2016\/03\/Map_Olive_oil_Spain_DOs_SIURANA-669x272.png 669w, https:\/\/hostalets.ch\/wp-content\/uploads\/2016\/03\/Map_Olive_oil_Spain_DOs_SIURANA.png 751w\" sizes=\"(max-width: 751px) 100vw, 751px\" \/><\/div><\/div><div class=\"fusion-clearfix\"><\/div><\/div><\/div><div class=\"fusion-layout-column fusion_builder_column fusion-builder-column-5 fusion_builder_column_1_5 1_5 fusion-one-fifth fusion-column-last\" style=\"--awb-bg-size:cover;width:20%;width:calc(20% - ( ( 4% + 4% ) * 0.2 ) );\"><div class=\"fusion-column-wrapper fusion-flex-column-wrapper-legacy\"><div class=\"fusion-clearfix\"><\/div><\/div><\/div><\/div><\/div><div class=\"fusion-fullwidth fullwidth-box fusion-builder-row-4 nonhundred-percent-fullwidth non-hundred-percent-height-scrolling\" style=\"--awb-background-position:left top;--awb-border-radius-top-left:0px;--awb-border-radius-top-right:0px;--awb-border-radius-bottom-right:0px;--awb-border-radius-bottom-left:0px;--awb-padding-top:20px;--awb-padding-bottom:20px;--awb-border-sizes-top:0px;--awb-border-sizes-bottom:0px;--awb-flex-wrap:wrap;\" ><div class=\"fusion-builder-row fusion-row\"><div class=\"fusion-layout-column fusion_builder_column fusion-builder-column-6 fusion_builder_column_1_1 1_1 fusion-one-full fusion-column-first fusion-column-last fusion-column-no-min-height\" style=\"--awb-bg-size:cover;--awb-margin-bottom:0px;\"><div class=\"fusion-column-wrapper fusion-flex-column-wrapper-legacy\"><div class=\"fusion-image-element fusion-image-align-center in-legacy-container\" style=\"text-align:center;--awb-caption-title-font-family:var(--h2_typography-font-family);--awb-caption-title-font-weight:var(--h2_typography-font-weight);--awb-caption-title-font-style:var(--h2_typography-font-style);--awb-caption-title-size:var(--h2_typography-font-size);--awb-caption-title-transform:var(--h2_typography-text-transform);--awb-caption-title-line-height:var(--h2_typography-line-height);--awb-caption-title-letter-spacing:var(--h2_typography-letter-spacing);\"><div class=\"imageframe-align-center\"><span class=\" fusion-imageframe imageframe-none imageframe-1 hover-type-none\"><img decoding=\"async\" src=\"http:\/\/hostalets.ch\/wp-content\/uploads\/2016\/03\/ejemplonosotros.jpg\" alt class=\"img-responsive\"\/><\/span><\/div><\/div><div class=\"fusion-clearfix\"><\/div><\/div><\/div><div class=\"fusion-layout-column fusion_builder_column fusion-builder-column-7 fusion_builder_column_1_1 1_1 fusion-one-full fusion-column-first fusion-column-last\" style=\"--awb-bg-size:cover;\"><div class=\"fusion-column-wrapper fusion-flex-column-wrapper-legacy\"><div class=\"fusion-title title fusion-title-2 fusion-title-text fusion-title-size-one\"><h1 class=\"fusion-title-heading title-heading-left\" style=\"margin:0;\">GESCHICHTE DER FINCA<\/h1><span class=\"awb-title-spacer\"><\/span><div class=\"title-sep-container\"><div class=\"title-sep sep-double sep-solid\" style=\"border-color:#e0dede;\"><\/div><\/div><\/div><div class=\"fusion-clearfix\"><\/div><\/div><\/div><div class=\"fusion-layout-column fusion_builder_column fusion-builder-column-8 fusion_builder_column_1_1 1_1 fusion-one-full fusion-column-first fusion-column-last\" style=\"--awb-bg-size:cover;\"><div class=\"fusion-column-wrapper fusion-flex-column-wrapper-legacy\"><div class=\"fusion-text fusion-text-2\"><p style=\"text-align: justify;\">Die bekannte Geschichte der Finca Els Hostalets geht zur\u00fcck auf das XIV Jahrhundert; dabei war die Lage ausschlaggebend, genau auf dem Weg zwischen Gandesa und Lleida.<\/p>\n<p style=\"text-align: justify;\">Die Chronik von K\u00f6nig Pere el Cerimoni\u00f3s erz\u00e4hlt, dass im Oktober 1319, der K\u00f6nig Jaime II von Arag\u00f3n, Enkel von Jaime I el Conquistador, genau an dieser Stelle eine sehr spezielle St\u00e4ndeversammlung hielt, die sich als entscheidend f\u00fcr die Nachfolge der Krone herausstellte. Dieses Ereignis geschah nach der Verlobung des Sohnes des K\u00f6nigs und Erben der Krone, Jaime von Arag\u00f3n und Anjou, mit der Infantin Leonor von Castilla und Portugal, eine strategische Ehe f\u00fcr die Interessen der Krone von Arag\u00f3n, die 8 Jahre zuvor beschlossen wurde, als die Infantin nur 4 Jahre alt war. Entgegen der Vereinbarung seines Vaters, weigerte sich der Prinz die Ehe zu akzeptieren, weil es sein Wunsch war die Religion zu umarmen. Der K\u00f6nig gab jedoch nicht nach und die Verlobung fand in Gandesa statt.<\/p>\n<p style=\"text-align: justify;\">Dessen ungeachtet, weigerte sich der Erbe nach der Zeremonie seine Gemahlin kennenzulernen. Auf dem Weg zur\u00fcck nach Barcelona, entschied der K\u00f6nig im ersten Dorf bei dem sie vorbeikamen eine St\u00e4ndeversammlung einzuberufen um seinen Sohn dazu zu dr\u00e4ngen, die Ehe zu vollziehen. Sie lie\u03b2en Die steilen P\u00e4sse und Bergketten von Argentera zur\u00fcck. Bevor sie Ruidoms erreichten, entschied das k\u00f6nigliche Gefolge bei einigen Herbergen am Rande des Weges halt zu machen, auf einer Parzelle die heute Els Hostalets hei\u00dft. Dort lie\u00df der K\u00f6nig eine St\u00e4ndeversammlung abhalten um an seine Adligen zu appellieren, damit sie Einfluss auf seinen Sohn aus\u00fcbten und dieser somit seinen ehelichen Pflichten nachkam. Der Prinz jedoch weigerte sich aber und abermals und genau an diesem Ort verzichtete er auf die Krone, welche seinem Bruder Alfonso \u00fcberreicht wurde. Im Altarraum des Doms Santa Mar\u00eda von Tarragona befindet sich ein pr\u00e4chtiges Grab, Meisterwerk der katalanischen Bildhauerkunst des XIV Jahrhunderts. Dort sind die \u00dcberreste dieses Prinzen begraben, der in Els Hostalets vor sechs Jahrhunderten auf Ehe und Krone verzichtete.<\/p>\n<p style=\"text-align: justify;\">Die Finca Els Hostalets ist in Familienbesitz und liegt in der Gemarkung von Riudoms in der Provinz Tarragona ca. eine Stunde von Barcelona entfernt und 6 Km von den Str\u00e4nden von Cambrils entfernt, am Schnittpunkt zwischen der Achse des Mittelmeers und dem Ebro Tal.<\/p>\n<\/div><div class=\"fusion-clearfix\"><\/div><\/div><\/div><\/div><\/div><\/p>\n","protected":false},"excerpt":{"rendered":"","protected":false},"author":1,"featured_media":0,"parent":0,"menu_order":0,"comment_status":"closed","ping_status":"closed","template":"","meta":{"_exactmetrics_skip_tracking":false,"_exactmetrics_sitenote_active":false,"_exactmetrics_sitenote_note":"","_exactmetrics_sitenote_category":0,"footnotes":""},"_links":{"self":[{"href":"https:\/\/hostalets.ch\/de\/wp-json\/wp\/v2\/pages\/283"}],"collection":[{"href":"https:\/\/hostalets.ch\/de\/wp-json\/wp\/v2\/pages"}],"about":[{"href":"https:\/\/hostalets.ch\/de\/wp-json\/wp\/v2\/types\/page"}],"author":[{"embeddable":true,"href":"https:\/\/hostalets.ch\/de\/wp-json\/wp\/v2\/users\/1"}],"replies":[{"embeddable":true,"href":"https:\/\/hostalets.ch\/de\/wp-json\/wp\/v2\/comments?post=283"}],"version-history":[{"count":12,"href":"https:\/\/hostalets.ch\/de\/wp-json\/wp\/v2\/pages\/283\/revisions"}],"predecessor-version":[{"id":2690,"href":"https:\/\/hostalets.ch\/de\/wp-json\/wp\/v2\/pages\/283\/revisions\/2690"}],"wp:attachment":[{"href":"https:\/\/hostalets.ch\/de\/wp-json\/wp\/v2\/media?parent=283"}],"curies":[{"name":"wp","href":"https:\/\/api.w.org\/{rel}","templated":true}]}}